{"id":10,"date":"2019-05-17T09:13:22","date_gmt":"2019-05-17T09:13:22","guid":{"rendered":"https:\/\/agaren.it\/?page_id=10"},"modified":"2022-07-18T11:12:20","modified_gmt":"2022-07-18T11:12:20","slug":"home","status":"publish","type":"page","link":"https:\/\/www.agaren.it\/en\/","title":{"rendered":"home"},"content":{"rendered":"<p>[et_pb_section fb_built=&#8221;1&#8243; _builder_version=&#8221;4.16&#8243; custom_padding=&#8221;0px|||||&#8221; global_colors_info=&#8221;{}&#8221;][et_pb_row _builder_version=&#8221;4.17.3&#8243; _module_preset=&#8221;default&#8221; width=&#8221;100%&#8221; max_width=&#8221;2560px&#8221; module_alignment=&#8221;center&#8221; custom_padding=&#8221;0px||0px|||&#8221; global_colors_info=&#8221;{}&#8221;][et_pb_column type=&#8221;4_4&#8243; _builder_version=&#8221;4.17.3&#8243; _module_preset=&#8221;default&#8221; global_colors_info=&#8221;{}&#8221;][et_pb_image src=&#8221;https:\/\/agaren.it\/wp-content\/uploads\/2022\/04\/Agaren-Teste-di-Moro-Iside-scaled.jpg&#8221; title_text=&#8221;Agaren-Teste-di-Moro-Iside&#8221; _builder_version=&#8221;4.17.3&#8243; _module_preset=&#8221;default&#8221; global_colors_info=&#8221;{}&#8221;][\/et_pb_image][\/et_pb_column][\/et_pb_row][et_pb_row column_structure=&#8221;1_2,1_2&#8243; _builder_version=&#8221;4.17.6&#8243; _module_preset=&#8221;default&#8221; width=&#8221;95%&#8221; max_width=&#8221;2560px&#8221; custom_padding=&#8221;110px||0px|||&#8221; hover_enabled=&#8221;0&#8243; global_colors_info=&#8221;{}&#8221; custom_padding_last_edited=&#8221;on|phone&#8221; sticky_enabled=&#8221;0&#8243; custom_padding_tablet=&#8221;0px||||false|false&#8221; custom_padding_phone=&#8221;0px||||false|false&#8221;][et_pb_column type=&#8221;1_2&#8243; _builder_version=&#8221;4.17.3&#8243; _module_preset=&#8221;default&#8221; global_colors_info=&#8221;{}&#8221;][et_pb_divider divider_weight=&#8221;2px&#8221; _builder_version=&#8221;4.17.6&#8243; _module_preset=&#8221;default&#8221; custom_padding=&#8221;33%||||false|false&#8221; animation_style=&#8221;slide&#8221; animation_direction=&#8221;left&#8221; hover_enabled=&#8221;0&#8243; global_colors_info=&#8221;{}&#8221; sticky_enabled=&#8221;0&#8243; custom_padding_last_edited=&#8221;on|phone&#8221; custom_padding_tablet=&#8221;50px||||false|false&#8221; custom_padding_phone=&#8221;50px||||false|false&#8221;][\/et_pb_divider][\/et_pb_column][et_pb_column type=&#8221;1_2&#8243; _builder_version=&#8221;4.17.3&#8243; _module_preset=&#8221;default&#8221; global_colors_info=&#8221;{}&#8221;][et_pb_text _builder_version=&#8221;4.17.3&#8243; _module_preset=&#8221;default&#8221; text_font=&#8221;Big Clacson|||on|||||&#8221; text_font_size=&#8221;49px&#8221; text_line_height=&#8221;1.1em&#8221; animation_style=&#8221;slide&#8221; animation_direction=&#8221;right&#8221; hover_enabled=&#8221;0&#8243; global_colors_info=&#8221;{}&#8221; sticky_enabled=&#8221;0&#8243;]<\/p>\n<p>\u00e8 cos\u00ec che l&#8217;argilla<br \/>rivive la storia<br \/>e si fa design<\/p>\n<p>[\/et_pb_text][\/et_pb_column][\/et_pb_row][et_pb_row column_structure=&#8221;1_2,1_2&#8243; _builder_version=&#8221;4.17.3&#8243; _module_preset=&#8221;default&#8221; width=&#8221;95%&#8221; max_width=&#8221;2560px&#8221; custom_padding=&#8221;||0px|||&#8221; global_colors_info=&#8221;{}&#8221;][et_pb_column type=&#8221;1_2&#8243; _builder_version=&#8221;4.17.3&#8243; _module_preset=&#8221;default&#8221; global_colors_info=&#8221;{}&#8221;][et_pb_image src=&#8221;https:\/\/agaren.it\/wp-content\/uploads\/2022\/04\/Testa-di-Moro-Agaren-draft.png&#8221; title_text=&#8221;Testa-di-Moro-Agaren-draft&#8221; align=&#8221;center&#8221; _builder_version=&#8221;4.17.3&#8243; _module_preset=&#8221;default&#8221; module_alignment=&#8221;center&#8221; animation_style=&#8221;slide&#8221; animation_direction=&#8221;left&#8221; global_colors_info=&#8221;{}&#8221;][\/et_pb_image][\/et_pb_column][et_pb_column type=&#8221;1_2&#8243; _builder_version=&#8221;4.17.3&#8243; _module_preset=&#8221;default&#8221; global_colors_info=&#8221;{}&#8221;][et_pb_text _builder_version=&#8221;4.17.6&#8243; _module_preset=&#8221;default&#8221; text_font=&#8221;Cera Pro Light|100|||||||&#8221; text_font_size=&#8221;26px&#8221; text_line_height=&#8221;1.1em&#8221; text_orientation=&#8221;right&#8221; custom_margin=&#8221;||11px|||&#8221; custom_padding=&#8221;176px|||15%|false|false&#8221; animation_style=&#8221;slide&#8221; animation_direction=&#8221;right&#8221; hover_enabled=&#8221;0&#8243; global_colors_info=&#8221;{}&#8221; custom_padding_last_edited=&#8221;on|phone&#8221; custom_padding_phone=&#8221;0px|||10%|false|false&#8221; sticky_enabled=&#8221;0&#8243; custom_padding_tablet=&#8221;0px||||false|false&#8221;]Oggetti d\u2019arte fatti a mano, dall\u2019ideazione alla progettazione fino alla realizzazione[\/et_pb_text][et_pb_divider divider_weight=&#8221;2px&#8221; _builder_version=&#8221;4.17.3&#8243; _module_preset=&#8221;default&#8221; animation_style=&#8221;slide&#8221; animation_direction=&#8221;right&#8221; global_colors_info=&#8221;{}&#8221;][\/et_pb_divider][\/et_pb_column][\/et_pb_row][et_pb_row column_structure=&#8221;1_2,1_2&#8243; _builder_version=&#8221;4.17.3&#8243; _module_preset=&#8221;default&#8221; width=&#8221;95%&#8221; max_width=&#8221;2560px&#8221; custom_padding=&#8221;||0px|||&#8221; global_colors_info=&#8221;{}&#8221;][et_pb_column type=&#8221;1_2&#8243; _builder_version=&#8221;4.17.3&#8243; _module_preset=&#8221;default&#8221; global_colors_info=&#8221;{}&#8221;][et_pb_text _builder_version=&#8221;4.17.6&#8243; _module_preset=&#8221;default&#8221; text_font=&#8221;Cera Pro Light|100|||||||&#8221; text_font_size=&#8221;26px&#8221; text_line_height=&#8221;1.1em&#8221; custom_margin=&#8221;||11px|||&#8221; custom_padding=&#8221;176px|15%|||false|false&#8221; animation_style=&#8221;slide&#8221; animation_direction=&#8221;left&#8221; hover_enabled=&#8221;0&#8243; global_colors_info=&#8221;{}&#8221; custom_padding_last_edited=&#8221;on|phone&#8221; custom_padding_phone=&#8221;30px||||false|false&#8221; sticky_enabled=&#8221;0&#8243; custom_padding_tablet=&#8221;30px||||false|false&#8221;]<\/p>\n<p>Un design che interpreta la tradizione ceramica di Caltagirone in chiave contemporanea<\/p>\n<p>[\/et_pb_text][et_pb_divider divider_weight=&#8221;2px&#8221; _builder_version=&#8221;4.17.3&#8243; _module_preset=&#8221;default&#8221; animation_style=&#8221;slide&#8221; animation_direction=&#8221;left&#8221; global_colors_info=&#8221;{}&#8221;][\/et_pb_divider][\/et_pb_column][et_pb_column type=&#8221;1_2&#8243; _builder_version=&#8221;4.17.3&#8243; _module_preset=&#8221;default&#8221; global_colors_info=&#8221;{}&#8221;][et_pb_image src=&#8221;https:\/\/agaren.it\/wp-content\/uploads\/2022\/04\/Agaren-Testa-di-Moro-Pop-Gialla.png&#8221; title_text=&#8221;Agaren-Testa-di-Moro-Pop-Gialla&#8221; align=&#8221;center&#8221; _builder_version=&#8221;4.17.3&#8243; _module_preset=&#8221;default&#8221; module_alignment=&#8221;center&#8221; animation_style=&#8221;slide&#8221; animation_direction=&#8221;right&#8221; global_colors_info=&#8221;{}&#8221;][\/et_pb_image][\/et_pb_column][\/et_pb_row][et_pb_row column_structure=&#8221;1_2,1_2&#8243; _builder_version=&#8221;4.17.6&#8243; _module_preset=&#8221;default&#8221; width=&#8221;95%&#8221; max_width=&#8221;2560px&#8221; custom_padding=&#8221;101px||0px|||&#8221; hover_enabled=&#8221;0&#8243; global_colors_info=&#8221;{}&#8221; custom_padding_last_edited=&#8221;on|tablet&#8221; sticky_enabled=&#8221;0&#8243; custom_padding_phone=&#8221;50px||||false|false&#8221; custom_padding_tablet=&#8221;50px||||false|false&#8221;][et_pb_column type=&#8221;1_2&#8243; _builder_version=&#8221;4.17.3&#8243; _module_preset=&#8221;default&#8221; global_colors_info=&#8221;{}&#8221;][et_pb_image src=&#8221;https:\/\/agaren.it\/wp-content\/uploads\/2022\/04\/Agaren-civette-ceramiche-di-caltagirone.jpg&#8221; title_text=&#8221;Agaren-civette-ceramiche-di-caltagirone&#8221; url=&#8221;https:\/\/store.agaren.it\/civette&#8221; _builder_version=&#8221;4.17.3&#8243; _module_preset=&#8221;default&#8221; custom_margin=&#8221;||17px|||&#8221; animation_style=&#8221;fade&#8221; animation_delay=&#8221;350ms&#8221; hover_enabled=&#8221;0&#8243; global_colors_info=&#8221;{}&#8221; sticky_enabled=&#8221;0&#8243;][\/et_pb_image][et_pb_text _builder_version=&#8221;4.17.3&#8243; _module_preset=&#8221;default&#8221; text_font=&#8221;Cera Pro Light|300|||||||&#8221; text_font_size=&#8221;26px&#8221; custom_margin=&#8221;||11px|||&#8221; animation_style=&#8221;fade&#8221; link_option_url=&#8221;https:\/\/store.agaren.it\/civette&#8221; global_colors_info=&#8221;{}&#8221;]<\/p>\n<p>Civette collection<\/p>\n<p>[\/et_pb_text][et_pb_divider divider_weight=&#8221;2px&#8221; _builder_version=&#8221;4.17.3&#8243; _module_preset=&#8221;default&#8221; animation_style=&#8221;slide&#8221; animation_direction=&#8221;left&#8221; global_colors_info=&#8221;{}&#8221;][\/et_pb_divider][\/et_pb_column][et_pb_column type=&#8221;1_2&#8243; _builder_version=&#8221;4.17.3&#8243; _module_preset=&#8221;default&#8221; global_colors_info=&#8221;{}&#8221;][et_pb_image src=&#8221;https:\/\/agaren.it\/wp-content\/uploads\/2022\/04\/Agaren-Pigna-Ceramiche-di-Caltagirone.jpg&#8221; title_text=&#8221;Agaren-Pigna-Ceramiche-di-Caltagirone&#8221; url=&#8221;https:\/\/store.agaren.it\/pigne&#8221; _builder_version=&#8221;4.17.3&#8243; _module_preset=&#8221;default&#8221; custom_margin=&#8221;||17px|||&#8221; animation_style=&#8221;fade&#8221; animation_delay=&#8221;350ms&#8221; global_colors_info=&#8221;{}&#8221;][\/et_pb_image][et_pb_text _builder_version=&#8221;4.17.3&#8243; _module_preset=&#8221;default&#8221; text_font=&#8221;Cera Pro Light|300|||||||&#8221; text_font_size=&#8221;26px&#8221; text_orientation=&#8221;right&#8221; custom_margin=&#8221;||11px|||&#8221; animation_style=&#8221;fade&#8221; link_option_url=&#8221;https:\/\/store.agaren.it\/pigne&#8221; global_colors_info=&#8221;{}&#8221;]<\/p>\n<p>Pigna collection<\/p>\n<p>[\/et_pb_text][et_pb_divider divider_weight=&#8221;2px&#8221; _builder_version=&#8221;4.17.3&#8243; _module_preset=&#8221;default&#8221; animation_style=&#8221;slide&#8221; animation_direction=&#8221;right&#8221; global_colors_info=&#8221;{}&#8221;][\/et_pb_divider][\/et_pb_column][\/et_pb_row][et_pb_row column_structure=&#8221;3_4,1_4&#8243; _builder_version=&#8221;4.17.6&#8243; _module_preset=&#8221;default&#8221; width=&#8221;95%&#8221; max_width=&#8221;2560px&#8221; custom_margin=&#8221;70px|auto||auto||&#8221; custom_padding=&#8221;||0px|||&#8221; hover_enabled=&#8221;0&#8243; global_colors_info=&#8221;{}&#8221; custom_margin_last_edited=&#8221;on|desktop&#8221; sticky_enabled=&#8221;0&#8243; custom_margin_tablet=&#8221;0px||||false|false&#8221; custom_margin_phone=&#8221;0px||||false|false&#8221;][et_pb_column type=&#8221;3_4&#8243; _builder_version=&#8221;4.17.3&#8243; _module_preset=&#8221;default&#8221; global_colors_info=&#8221;{}&#8221;][et_pb_image src=&#8221;https:\/\/agaren.it\/wp-content\/uploads\/2022\/04\/Testa-di-moro-caltagirone-agaren.jpg&#8221; title_text=&#8221;Testa-di-moro-caltagirone-agaren&#8221; url=&#8221;https:\/\/store.agaren.it\/teste-di-moro&#8221; _builder_version=&#8221;4.17.3&#8243; _module_preset=&#8221;default&#8221; module_alignment=&#8221;center&#8221; animation_style=&#8221;fade&#8221; animation_delay=&#8221;350ms&#8221; global_colors_info=&#8221;{}&#8221;][\/et_pb_image][\/et_pb_column][et_pb_column type=&#8221;1_4&#8243; _builder_version=&#8221;4.17.3&#8243; _module_preset=&#8221;default&#8221; global_colors_info=&#8221;{}&#8221;][et_pb_text _builder_version=&#8221;4.17.6&#8243; _module_preset=&#8221;default&#8221; text_font=&#8221;Cera Pro Light|100|||||||&#8221; text_font_size=&#8221;26px&#8221; text_line_height=&#8221;1.1em&#8221; text_orientation=&#8221;right&#8221; custom_margin=&#8221;||11px|||&#8221; custom_padding=&#8221;250px|||15%|false|false&#8221; animation_style=&#8221;fade&#8221; link_option_url=&#8221;https:\/\/store.agaren.it\/teste-di-moro&#8221; hover_enabled=&#8221;0&#8243; global_colors_info=&#8221;{}&#8221; custom_padding_last_edited=&#8221;on|tablet&#8221; custom_padding_tablet=&#8221;0px|||15%|false|false&#8221; sticky_enabled=&#8221;0&#8243; custom_padding_phone=&#8221;0px|||15%|false|false&#8221;]<\/p>\n<p>Teste di Moro<br \/>\ncollection<\/p>\n<p>[\/et_pb_text][et_pb_divider divider_weight=&#8221;2px&#8221; _builder_version=&#8221;4.17.3&#8243; _module_preset=&#8221;default&#8221; animation_style=&#8221;slide&#8221; animation_direction=&#8221;right&#8221; global_colors_info=&#8221;{}&#8221;][\/et_pb_divider][\/et_pb_column][\/et_pb_row][et_pb_row column_structure=&#8221;1_4,3_4&#8243; _builder_version=&#8221;4.17.6&#8243; _module_preset=&#8221;default&#8221; width=&#8221;95%&#8221; max_width=&#8221;2560px&#8221; custom_padding=&#8221;100px||0px|||&#8221; hover_enabled=&#8221;0&#8243; global_colors_info=&#8221;{}&#8221; custom_padding_last_edited=&#8221;on|phone&#8221; sticky_enabled=&#8221;0&#8243; custom_padding_tablet=&#8221;75px||||false|false&#8221; custom_padding_phone=&#8221;50px||||false|false&#8221;][et_pb_column type=&#8221;1_4&#8243; _builder_version=&#8221;4.17.3&#8243; _module_preset=&#8221;default&#8221; global_colors_info=&#8221;{}&#8221;][et_pb_text _builder_version=&#8221;4.17.6&#8243; _module_preset=&#8221;default&#8221; text_font=&#8221;Cera Pro Light|100|||||||&#8221; text_font_size=&#8221;26px&#8221; text_line_height=&#8221;1.1em&#8221; custom_margin=&#8221;||11px|||&#8221; custom_padding=&#8221;250px|15%|||false|false&#8221; animation_style=&#8221;fade&#8221; link_option_url=&#8221;https:\/\/store.agaren.it\/pop&#8221; hover_enabled=&#8221;0&#8243; global_colors_info=&#8221;{}&#8221; custom_padding_last_edited=&#8221;on|phone&#8221; custom_padding_tablet=&#8221;0px|15%|||false|false&#8221; sticky_enabled=&#8221;0&#8243; custom_padding_phone=&#8221;0px|15%|||false|false&#8221;]<\/p>\n<p>Testa di Moro<br \/>\nPop collection<\/p>\n<p>[\/et_pb_text][et_pb_divider divider_weight=&#8221;2px&#8221; _builder_version=&#8221;4.17.3&#8243; _module_preset=&#8221;default&#8221; animation_style=&#8221;slide&#8221; animation_direction=&#8221;left&#8221; global_colors_info=&#8221;{}&#8221;][\/et_pb_divider][\/et_pb_column][et_pb_column type=&#8221;3_4&#8243; _builder_version=&#8221;4.17.3&#8243; _module_preset=&#8221;default&#8221; global_colors_info=&#8221;{}&#8221;][et_pb_image src=&#8221;https:\/\/agaren.it\/wp-content\/uploads\/2022\/04\/Testa-di-Moro-Agaren-Caltagirone.jpg&#8221; title_text=&#8221;Testa-di-Moro-Agaren-Caltagirone&#8221; url=&#8221;https:\/\/store.agaren.it\/pop&#8221; align=&#8221;right&#8221; _builder_version=&#8221;4.17.3&#8243; _module_preset=&#8221;default&#8221; module_alignment=&#8221;center&#8221; animation_style=&#8221;fade&#8221; animation_delay=&#8221;350ms&#8221; global_colors_info=&#8221;{}&#8221;][\/et_pb_image][\/et_pb_column][\/et_pb_row][\/et_pb_section]<\/p>\n","protected":false},"excerpt":{"rendered":"<p>\u00e8 cos\u00ec che l&#8217;argillarivive la storiae si fa designOggetti d\u2019arte fatti a mano, dall\u2019ideazione alla progettazione fino alla realizzazioneUn design che interpreta la tradizione ceramica di Caltagirone in chiave contemporaneaCivette collectionPigna collectionTeste di Moro collectionTesta di Moro Pop collection<\/p>","protected":false},"author":7,"featured_media":0,"parent":0,"menu_order":0,"comment_status":"closed","ping_status":"closed","template":"","meta":{"_et_pb_use_builder":"on","_et_pb_old_content":"","_et_gb_content_width":"","footnotes":""},"class_list":["post-10","page","type-page","status-publish","hentry"],"yoast_head":"<!-- This site is optimized with the Yoast SEO plugin v27.3 - https:\/\/yoast.com\/product\/yoast-seo-wordpress\/ -->\n<title>home - Agar\u00e8n<\/title>\n<meta name=\"robots\" content=\"index, follow, max-snippet:-1, max-image-preview:large, max-video-preview:-1\" \/>\n<link rel=\"canonical\" href=\"https:\/\/www.agaren.it\/en\/\" \/>\n<meta property=\"og:locale\" content=\"en_GB\" \/>\n<meta property=\"og:type\" content=\"article\" \/>\n<meta property=\"og:title\" content=\"home - Agar\u00e8n\" \/>\n<meta property=\"og:description\" content=\"\u00e8 cos\u00ec che l&#039;argillarivive la storiae si fa designOggetti d\u2019arte fatti a mano, dall\u2019ideazione alla progettazione fino alla realizzazioneUn design che interpreta la tradizione ceramica di Caltagirone in chiave contemporaneaCivette collectionPigna collectionTeste di Moro collectionTesta di Moro Pop collection\" \/>\n<meta property=\"og:url\" content=\"https:\/\/www.agaren.it\/en\/\" \/>\n<meta property=\"og:site_name\" content=\"Agar\u00e8n\" \/>\n<meta property=\"article:modified_time\" content=\"2022-07-18T11:12:20+00:00\" \/>\n<meta name=\"twitter:card\" content=\"summary_large_image\" \/>\n<meta name=\"twitter:label1\" content=\"Estimated reading time\" \/>\n\t<meta name=\"twitter:data1\" content=\"7 minutes\" \/>\n<script type=\"application\/ld+json\" class=\"yoast-schema-graph\">{\"@context\":\"https:\\\/\\\/schema.org\",\"@graph\":[{\"@type\":\"WebPage\",\"@id\":\"https:\\\/\\\/www.agaren.it\\\/\",\"url\":\"https:\\\/\\\/www.agaren.it\\\/\",\"name\":\"home - Agar\u00e8n\",\"isPartOf\":{\"@id\":\"https:\\\/\\\/www.agaren.it\\\/#website\"},\"datePublished\":\"2019-05-17T09:13:22+00:00\",\"dateModified\":\"2022-07-18T11:12:20+00:00\",\"breadcrumb\":{\"@id\":\"https:\\\/\\\/www.agaren.it\\\/#breadcrumb\"},\"inLanguage\":\"en-GB\",\"potentialAction\":[{\"@type\":\"ReadAction\",\"target\":[\"https:\\\/\\\/www.agaren.it\\\/\"]}]},{\"@type\":\"BreadcrumbList\",\"@id\":\"https:\\\/\\\/www.agaren.it\\\/#breadcrumb\",\"itemListElement\":[{\"@type\":\"ListItem\",\"position\":1,\"name\":\"Home\",\"item\":\"https:\\\/\\\/www.agaren.it\\\/\"},{\"@type\":\"ListItem\",\"position\":2,\"name\":\"home\"}]},{\"@type\":\"WebSite\",\"@id\":\"https:\\\/\\\/www.agaren.it\\\/#website\",\"url\":\"https:\\\/\\\/www.agaren.it\\\/\",\"name\":\"Agar\u00e8n\",\"description\":\"Teste di Moro : Ceramiche di Caltagirone : Ceramiche Siciliane\",\"publisher\":{\"@id\":\"https:\\\/\\\/www.agaren.it\\\/#\\\/schema\\\/person\\\/1ff62f05ec8d61015ae3655a97f00667\"},\"potentialAction\":[{\"@type\":\"SearchAction\",\"target\":{\"@type\":\"EntryPoint\",\"urlTemplate\":\"https:\\\/\\\/www.agaren.it\\\/?s={search_term_string}\"},\"query-input\":{\"@type\":\"PropertyValueSpecification\",\"valueRequired\":true,\"valueName\":\"search_term_string\"}}],\"inLanguage\":\"en-GB\"},{\"@type\":[\"Person\",\"Organization\"],\"@id\":\"https:\\\/\\\/www.agaren.it\\\/#\\\/schema\\\/person\\\/1ff62f05ec8d61015ae3655a97f00667\",\"name\":\"enrico@sinetweb.net\",\"logo\":{\"@id\":\"https:\\\/\\\/www.agaren.it\\\/#\\\/schema\\\/person\\\/image\\\/\"}}]}<\/script>\n<!-- \/ Yoast SEO plugin. -->","yoast_head_json":{"title":"home - Agar\u00e8n","robots":{"index":"index","follow":"follow","max-snippet":"max-snippet:-1","max-image-preview":"max-image-preview:large","max-video-preview":"max-video-preview:-1"},"canonical":"https:\/\/www.agaren.it\/en\/","og_locale":"en_GB","og_type":"article","og_title":"home - Agar\u00e8n","og_description":"\u00e8 cos\u00ec che l'argillarivive la storiae si fa designOggetti d\u2019arte fatti a mano, dall\u2019ideazione alla progettazione fino alla realizzazioneUn design che interpreta la tradizione ceramica di Caltagirone in chiave contemporaneaCivette collectionPigna collectionTeste di Moro collectionTesta di Moro Pop collection","og_url":"https:\/\/www.agaren.it\/en\/","og_site_name":"Agar\u00e8n","article_modified_time":"2022-07-18T11:12:20+00:00","twitter_card":"summary_large_image","twitter_misc":{"Estimated reading time":"7 minutes"},"schema":{"@context":"https:\/\/schema.org","@graph":[{"@type":"WebPage","@id":"https:\/\/www.agaren.it\/","url":"https:\/\/www.agaren.it\/","name":"home - Agar\u00e8n","isPartOf":{"@id":"https:\/\/www.agaren.it\/#website"},"datePublished":"2019-05-17T09:13:22+00:00","dateModified":"2022-07-18T11:12:20+00:00","breadcrumb":{"@id":"https:\/\/www.agaren.it\/#breadcrumb"},"inLanguage":"en-GB","potentialAction":[{"@type":"ReadAction","target":["https:\/\/www.agaren.it\/"]}]},{"@type":"BreadcrumbList","@id":"https:\/\/www.agaren.it\/#breadcrumb","itemListElement":[{"@type":"ListItem","position":1,"name":"Home","item":"https:\/\/www.agaren.it\/"},{"@type":"ListItem","position":2,"name":"home"}]},{"@type":"WebSite","@id":"https:\/\/www.agaren.it\/#website","url":"https:\/\/www.agaren.it\/","name":"Agar\u00e8n","description":"Teste di Moro : Ceramiche di Caltagirone : Ceramiche Siciliane","publisher":{"@id":"https:\/\/www.agaren.it\/#\/schema\/person\/1ff62f05ec8d61015ae3655a97f00667"},"potentialAction":[{"@type":"SearchAction","target":{"@type":"EntryPoint","urlTemplate":"https:\/\/www.agaren.it\/?s={search_term_string}"},"query-input":{"@type":"PropertyValueSpecification","valueRequired":true,"valueName":"search_term_string"}}],"inLanguage":"en-GB"},{"@type":["Person","Organization"],"@id":"https:\/\/www.agaren.it\/#\/schema\/person\/1ff62f05ec8d61015ae3655a97f00667","name":"enrico@sinetweb.net","logo":{"@id":"https:\/\/www.agaren.it\/#\/schema\/person\/image\/"}}]}},"_links":{"self":[{"href":"https:\/\/www.agaren.it\/en\/wp-json\/wp\/v2\/pages\/10","targetHints":{"allow":["GET"]}}],"collection":[{"href":"https:\/\/www.agaren.it\/en\/wp-json\/wp\/v2\/pages"}],"about":[{"href":"https:\/\/www.agaren.it\/en\/wp-json\/wp\/v2\/types\/page"}],"author":[{"embeddable":true,"href":"https:\/\/www.agaren.it\/en\/wp-json\/wp\/v2\/users\/7"}],"replies":[{"embeddable":true,"href":"https:\/\/www.agaren.it\/en\/wp-json\/wp\/v2\/comments?post=10"}],"version-history":[{"count":43,"href":"https:\/\/www.agaren.it\/en\/wp-json\/wp\/v2\/pages\/10\/revisions"}],"predecessor-version":[{"id":945,"href":"https:\/\/www.agaren.it\/en\/wp-json\/wp\/v2\/pages\/10\/revisions\/945"}],"wp:attachment":[{"href":"https:\/\/www.agaren.it\/en\/wp-json\/wp\/v2\/media?parent=10"}],"curies":[{"name":"wp","href":"https:\/\/api.w.org\/{rel}","templated":true}]}}