{"id":454,"date":"2022-05-17T15:09:30","date_gmt":"2022-05-17T15:09:30","guid":{"rendered":"https:\/\/agaren.it\/?page_id=454"},"modified":"2022-08-22T07:49:23","modified_gmt":"2022-08-22T07:49:23","slug":"ceramiche-di-caltagirone","status":"publish","type":"page","link":"https:\/\/www.agaren.it\/en\/ceramiche-di-caltagirone\/","title":{"rendered":"the ceramics of Caltagirone"},"content":{"rendered":"<p>[et_pb_section fb_built=&#8221;1&#8243; _builder_version=&#8221;4.16&#8243; custom_padding=&#8221;0px|||||&#8221; global_colors_info=&#8221;{}&#8221;][et_pb_row _builder_version=&#8221;4.17.3&#8243; _module_preset=&#8221;default&#8221; width=&#8221;100%&#8221; max_width=&#8221;2560px&#8221; module_alignment=&#8221;center&#8221; custom_padding=&#8221;60px||1px|||&#8221; global_colors_info=&#8221;{}&#8221;][et_pb_column type=&#8221;4_4&#8243; _builder_version=&#8221;4.17.3&#8243; _module_preset=&#8221;default&#8221; global_colors_info=&#8221;{}&#8221;][et_pb_text _builder_version=&#8221;4.17.3&#8243; _module_preset=&#8221;default&#8221; text_font=&#8221;Big Clacson|100|||||||&#8221; text_font_size=&#8221;36px&#8221; text_line_height=&#8221;1.1em&#8221; text_orientation=&#8221;center&#8221; custom_margin=&#8221;||11px|||&#8221; custom_padding=&#8221;||||false|false&#8221; global_colors_info=&#8221;{}&#8221;]La Ceramica di Caltagirone[\/et_pb_text][et_pb_divider divider_weight=&#8221;2px&#8221; _builder_version=&#8221;4.17.3&#8243; _module_preset=&#8221;default&#8221; global_colors_info=&#8221;{}&#8221;][\/et_pb_divider][\/et_pb_column][\/et_pb_row][et_pb_row column_structure=&#8221;2_5,3_5&#8243; _builder_version=&#8221;4.17.3&#8243; _module_preset=&#8221;default&#8221; custom_margin=&#8221;50px|auto||auto||&#8221; custom_padding=&#8221;||6px|||&#8221; global_colors_info=&#8221;{}&#8221;][et_pb_column type=&#8221;2_5&#8243; _builder_version=&#8221;4.17.3&#8243; _module_preset=&#8221;default&#8221; global_colors_info=&#8221;{}&#8221;][et_pb_image src=&#8221;https:\/\/agaren.it\/wp-content\/uploads\/2022\/05\/decorare-la-ceramica.jpg&#8221; alt=&#8221;Decorazione della ceramica di Caltagirone, raffigurazione delle teste di moro&#8221; title_text=&#8221;decorare-la-ceramica&#8221; _builder_version=&#8221;4.17.3&#8243; _module_preset=&#8221;default&#8221; hover_enabled=&#8221;0&#8243; global_colors_info=&#8221;{}&#8221; sticky_enabled=&#8221;0&#8243;][\/et_pb_image][\/et_pb_column][et_pb_column type=&#8221;3_5&#8243; _builder_version=&#8221;4.17.3&#8243; _module_preset=&#8221;default&#8221; global_colors_info=&#8221;{}&#8221;][et_pb_text _builder_version=&#8221;4.17.6&#8243; _module_preset=&#8221;default&#8221; text_font=&#8221;Cera Pro Light||||||||&#8221; text_font_size=&#8221;18px&#8221; custom_margin=&#8221;||3px|||&#8221; hover_enabled=&#8221;0&#8243; global_colors_info=&#8221;{}&#8221; sticky_enabled=&#8221;0&#8243;]<\/p>\n<p>Un sapere fare antico, che si tramanda di generazione in generazione dalla preistoria ai giorni nostri.<\/p>\n<p>La lavorazione della <strong>ceramica<\/strong> (dal greco k\u00e8ramos, argilla) \u00e8 una delle arti pi\u00f9 antiche dell\u2019uomo. E la Sicilia, crocevia di culture ed etnie diverse ne raccoglie innumerevoli e meravigliose testimonianze che risalgono addirittura al Neolitico.<\/p>\n<p><a href=\"\/ceramiche-caltagirone\/\"><span style=\"text-decoration: underline;\"><strong>Caltagirone<\/strong><\/span><\/a> \u00e8 la citt\u00e0 siciliana che pi\u00f9 di tutte si \u00e8 contraddistinta per la tradizione delle sue ormai famosissime maioliche, un\u2019arte cos\u00ec radicata nella Citt\u00e0 tanto da averne definito il nome stesso: dall\u2019arabo Qal\u2019at al Ghiar Caltagirone significa appunto \u201cCitt\u00e0 dei vasi\u201d. Ma il forte legame <strong>di Caltagirone<\/strong> con la <strong>ceramica<\/strong> lo si deve anche e soprattutto alla vocazione del suo territorio: luogo anticamente ricco di cave di argilla e circondato da numerosi boschi ricchi di \u201cRusedda\u201d un arbusto tipico della zona e particolarmente adatto per processo di cottura dei forni utilizzati dai <span style=\"text-decoration: underline;\"><strong><a href=\"\/ceramisti-caltagirone\/\">ceramisti<\/a><\/strong><\/span>.<\/p>\n<p>\u00c8 una storia antichissima quella della <a href=\"\/vasi-in-ceramica\/\"><span style=\"text-decoration: underline;\"><strong>Ceramiche di Caltagirone<\/strong><\/span><\/a> che per millenni ha visto generazioni e generazioni di <strong>ceramisti<\/strong> reinterpretare negli anni in modo sempre <strong>originale<\/strong> le <strong>ceramiche<\/strong> con decori, cromie e usi che rispecchiavano appieno le tendenze del tempo, fino a rendere la Citt\u00e0 di Caltagirone la <a href=\"\/teste-di-moro\/\"><span style=\"text-decoration: underline;\"><strong>Citt\u00e0 della Ceramica<\/strong><\/span><\/a>, oggi eccellenza del Made in Italy.<\/p>\n<p>[\/et_pb_text][\/et_pb_column][\/et_pb_row][et_pb_row column_structure=&#8221;2_5,3_5&#8243; _builder_version=&#8221;4.17.3&#8243; _module_preset=&#8221;default&#8221; custom_margin=&#8221;4px|auto||auto||&#8221; global_colors_info=&#8221;{}&#8221;][et_pb_column type=&#8221;2_5&#8243; _builder_version=&#8221;4.17.3&#8243; _module_preset=&#8221;default&#8221; global_colors_info=&#8221;{}&#8221;][et_pb_image src=&#8221;https:\/\/agaren.it\/wp-content\/uploads\/2022\/05\/Forgiare-argilla-ceramica.jpg&#8221; alt=&#8221;Mani che forgiano l&#8217;argilla, durante la creazione di una testa di moro&#8221; title_text=&#8221;Forgiare-argilla-ceramica&#8221; _builder_version=&#8221;4.17.3&#8243; _module_preset=&#8221;default&#8221; global_colors_info=&#8221;{}&#8221;][\/et_pb_image][\/et_pb_column][et_pb_column type=&#8221;3_5&#8243; _builder_version=&#8221;4.17.3&#8243; _module_preset=&#8221;default&#8221; global_colors_info=&#8221;{}&#8221;][et_pb_text _builder_version=&#8221;4.17.6&#8243; _module_preset=&#8221;default&#8221; text_font=&#8221;Cera Pro Light||||||||&#8221; text_font_size=&#8221;18px&#8221; custom_margin=&#8221;||37px|||&#8221; hover_enabled=&#8221;0&#8243; global_colors_info=&#8221;{}&#8221; sticky_enabled=&#8221;0&#8243;]<\/p>\n<p><strong>Le origini delle<\/strong><\/p>\n<h2>Ceramica di Caltagirone<\/h2>\n<p>Testimonianze archeologiche ci riportano sino al VII millennio a. C. quando l\u2019uomo oltre la caccia iniziava a vivere di agricoltura e nasceva la necessit\u00e0 di conservare nei <strong>vasi<\/strong> i frutti del proprio lavoro. Splendidi esempi di <a href=\"\/vaso-testa\/\">ceramiche<\/a> ci sono stati restituite dagli scavi nei villaggi neolitici di Scala, Pile e S. Ippolito.<\/p>\n<p>Caltagirone, cos\u00ec come tutta la Sicilia, sub\u00ec diverse dominazioni nel corso dei secoli: dai greci ai romani, ai bizantini e saraceni, ma a rivoluzionare l\u2019attivit\u00e0 degli <a href=\"\/ceramisti-caltagirone\/\"><span style=\"text-decoration: underline;\"><strong>artigiani ceramisti<\/strong><\/span><\/a> furono sicuramente la dominazione cretese (intorno al 1000 a. C.) che introdusse il \u201ctornio \u201ce quella araba (nell\u2019827) che trasfer\u00ec alla popolazione nuove tecniche, forme e decori.<br \/>Fu proprio la contaminazione tra tutte queste culture differenti a determinare lo sviluppo e lo splendore delle maioliche di Caltagirone nonch\u00e9 dei suoi manufatti pi\u00f9 rappresentativi quali le teste di moro, le pigne, la civetta\u2026 ormai simboli emblematici della <a href=\"\/ceramica-siciliana\/\"><span style=\"text-decoration: underline;\"><strong>ceramica siciliana<\/strong><\/span><\/a>.<\/p>\n<p>Questa \u00e8 un\u2019eredit\u00e0 culturale importante da cui \u00e8 impossibile prescindere, un patrimonio di conoscenze, tecniche e saperi che <strong>Agar\u00e8n<\/strong> nelle sue collezioni porta avanti da sempre coniugando alla tradizione ceramica un design moderno che fonde la memoria storica con il vivere il contemporaneo, la creativit\u00e0 e la tecnica <strong>ceramica<\/strong> con il <a href=\"\/il-rinnovamento-del-design\/\"><span style=\"text-decoration: underline;\"><strong>design<\/strong><\/span><\/a>, le cromie e gli smalti con le tendenze pi\u00f9 contemporanee.<\/p>\n<p>[\/et_pb_text][\/et_pb_column][\/et_pb_row][\/et_pb_section]<\/p>\n","protected":false},"excerpt":{"rendered":"<p>La Ceramica di CaltagironeUn sapere fare antico, che si tramanda di generazione in generazione dalla preistoria ai giorni nostri. La lavorazione della ceramica (dal greco k\u00e8ramos, argilla) \u00e8 una delle arti pi\u00f9 antiche dell\u2019uomo. E la Sicilia, crocevia di culture ed etnie diverse ne raccoglie innumerevoli e meravigliose testimonianze che risalgono addirittura al Neolitico. Caltagirone [&hellip;]<\/p>\n","protected":false},"author":7,"featured_media":0,"parent":0,"menu_order":0,"comment_status":"closed","ping_status":"closed","template":"","meta":{"_et_pb_use_builder":"on","_et_pb_old_content":"<!-- wp:divi\/placeholder \/-->","_et_gb_content_width":"","footnotes":""},"class_list":["post-454","page","type-page","status-publish","hentry"],"yoast_head":"<!-- This site is optimized with the Yoast SEO plugin v27.3 - https:\/\/yoast.com\/product\/yoast-seo-wordpress\/ -->\n<title>Ceramiche di Caltagirone - Agar\u00e8n<\/title>\n<meta name=\"description\" content=\"2022 l&#039;acquisto di Teste di Moro oggi rappresenta un mercato piuttosto solido, nato da molti artigiani del luogo, diffuso poi in tutto il mondo grazie alle iniziative imprenditoriali come quella di Agaren.\" \/>\n<meta name=\"robots\" content=\"index, follow, max-snippet:-1, max-image-preview:large, max-video-preview:-1\" \/>\n<link rel=\"canonical\" href=\"https:\/\/www.agaren.it\/en\/ceramiche-di-caltagirone\/\" \/>\n<meta property=\"og:locale\" content=\"en_GB\" \/>\n<meta property=\"og:type\" content=\"article\" \/>\n<meta property=\"og:title\" content=\"Ceramiche di Caltagirone - Agar\u00e8n\" \/>\n<meta property=\"og:description\" content=\"2022 l&#039;acquisto di Teste di Moro oggi rappresenta un mercato piuttosto solido, nato da molti artigiani del luogo, diffuso poi in tutto il mondo grazie alle iniziative imprenditoriali come quella di Agaren.\" \/>\n<meta property=\"og:url\" content=\"https:\/\/www.agaren.it\/en\/ceramiche-di-caltagirone\/\" \/>\n<meta property=\"og:site_name\" content=\"Agar\u00e8n\" \/>\n<meta property=\"article:modified_time\" content=\"2022-08-22T07:49:23+00:00\" \/>\n<meta name=\"twitter:card\" content=\"summary_large_image\" \/>\n<meta name=\"twitter:label1\" content=\"Estimated reading time\" \/>\n\t<meta name=\"twitter:data1\" content=\"3 minutes\" \/>\n<script type=\"application\/ld+json\" class=\"yoast-schema-graph\">{\"@context\":\"https:\\\/\\\/schema.org\",\"@graph\":[{\"@type\":\"WebPage\",\"@id\":\"https:\\\/\\\/www.agaren.it\\\/ceramiche-di-caltagirone\\\/\",\"url\":\"https:\\\/\\\/www.agaren.it\\\/ceramiche-di-caltagirone\\\/\",\"name\":\"Ceramiche di Caltagirone - Agar\u00e8n\",\"isPartOf\":{\"@id\":\"https:\\\/\\\/www.agaren.it\\\/#website\"},\"datePublished\":\"2022-05-17T15:09:30+00:00\",\"dateModified\":\"2022-08-22T07:49:23+00:00\",\"description\":\"2022 l'acquisto di Teste di Moro oggi rappresenta un mercato piuttosto solido, nato da molti artigiani del luogo, diffuso poi in tutto il mondo grazie alle iniziative imprenditoriali come quella di Agaren.\",\"breadcrumb\":{\"@id\":\"https:\\\/\\\/www.agaren.it\\\/ceramiche-di-caltagirone\\\/#breadcrumb\"},\"inLanguage\":\"en-GB\",\"potentialAction\":[{\"@type\":\"ReadAction\",\"target\":[\"https:\\\/\\\/www.agaren.it\\\/ceramiche-di-caltagirone\\\/\"]}]},{\"@type\":\"BreadcrumbList\",\"@id\":\"https:\\\/\\\/www.agaren.it\\\/ceramiche-di-caltagirone\\\/#breadcrumb\",\"itemListElement\":[{\"@type\":\"ListItem\",\"position\":1,\"name\":\"Home\",\"item\":\"https:\\\/\\\/www.agaren.it\\\/\"},{\"@type\":\"ListItem\",\"position\":2,\"name\":\"Ceramiche di Caltagirone\"}]},{\"@type\":\"WebSite\",\"@id\":\"https:\\\/\\\/www.agaren.it\\\/#website\",\"url\":\"https:\\\/\\\/www.agaren.it\\\/\",\"name\":\"Agar\u00e8n\",\"description\":\"Teste di Moro : Ceramiche di Caltagirone : Ceramiche Siciliane\",\"publisher\":{\"@id\":\"https:\\\/\\\/www.agaren.it\\\/#\\\/schema\\\/person\\\/1ff62f05ec8d61015ae3655a97f00667\"},\"potentialAction\":[{\"@type\":\"SearchAction\",\"target\":{\"@type\":\"EntryPoint\",\"urlTemplate\":\"https:\\\/\\\/www.agaren.it\\\/?s={search_term_string}\"},\"query-input\":{\"@type\":\"PropertyValueSpecification\",\"valueRequired\":true,\"valueName\":\"search_term_string\"}}],\"inLanguage\":\"en-GB\"},{\"@type\":[\"Person\",\"Organization\"],\"@id\":\"https:\\\/\\\/www.agaren.it\\\/#\\\/schema\\\/person\\\/1ff62f05ec8d61015ae3655a97f00667\",\"name\":\"enrico@sinetweb.net\",\"logo\":{\"@id\":\"https:\\\/\\\/www.agaren.it\\\/#\\\/schema\\\/person\\\/image\\\/\"}}]}<\/script>\n<!-- \/ Yoast SEO plugin. -->","yoast_head_json":{"title":"Ceramiche di Caltagirone - Agar\u00e8n","description":"2022 l'acquisto di Teste di Moro oggi rappresenta un mercato piuttosto solido, nato da molti artigiani del luogo, diffuso poi in tutto il mondo grazie alle iniziative imprenditoriali come quella di Agaren.","robots":{"index":"index","follow":"follow","max-snippet":"max-snippet:-1","max-image-preview":"max-image-preview:large","max-video-preview":"max-video-preview:-1"},"canonical":"https:\/\/www.agaren.it\/en\/ceramiche-di-caltagirone\/","og_locale":"en_GB","og_type":"article","og_title":"Ceramiche di Caltagirone - Agar\u00e8n","og_description":"2022 l'acquisto di Teste di Moro oggi rappresenta un mercato piuttosto solido, nato da molti artigiani del luogo, diffuso poi in tutto il mondo grazie alle iniziative imprenditoriali come quella di Agaren.","og_url":"https:\/\/www.agaren.it\/en\/ceramiche-di-caltagirone\/","og_site_name":"Agar\u00e8n","article_modified_time":"2022-08-22T07:49:23+00:00","twitter_card":"summary_large_image","twitter_misc":{"Estimated reading time":"3 minutes"},"schema":{"@context":"https:\/\/schema.org","@graph":[{"@type":"WebPage","@id":"https:\/\/www.agaren.it\/ceramiche-di-caltagirone\/","url":"https:\/\/www.agaren.it\/ceramiche-di-caltagirone\/","name":"Ceramiche di Caltagirone - Agar\u00e8n","isPartOf":{"@id":"https:\/\/www.agaren.it\/#website"},"datePublished":"2022-05-17T15:09:30+00:00","dateModified":"2022-08-22T07:49:23+00:00","description":"2022 l'acquisto di Teste di Moro oggi rappresenta un mercato piuttosto solido, nato da molti artigiani del luogo, diffuso poi in tutto il mondo grazie alle iniziative imprenditoriali come quella di Agaren.","breadcrumb":{"@id":"https:\/\/www.agaren.it\/ceramiche-di-caltagirone\/#breadcrumb"},"inLanguage":"en-GB","potentialAction":[{"@type":"ReadAction","target":["https:\/\/www.agaren.it\/ceramiche-di-caltagirone\/"]}]},{"@type":"BreadcrumbList","@id":"https:\/\/www.agaren.it\/ceramiche-di-caltagirone\/#breadcrumb","itemListElement":[{"@type":"ListItem","position":1,"name":"Home","item":"https:\/\/www.agaren.it\/"},{"@type":"ListItem","position":2,"name":"Ceramiche di Caltagirone"}]},{"@type":"WebSite","@id":"https:\/\/www.agaren.it\/#website","url":"https:\/\/www.agaren.it\/","name":"Agar\u00e8n","description":"Teste di Moro : Ceramiche di Caltagirone : Ceramiche Siciliane","publisher":{"@id":"https:\/\/www.agaren.it\/#\/schema\/person\/1ff62f05ec8d61015ae3655a97f00667"},"potentialAction":[{"@type":"SearchAction","target":{"@type":"EntryPoint","urlTemplate":"https:\/\/www.agaren.it\/?s={search_term_string}"},"query-input":{"@type":"PropertyValueSpecification","valueRequired":true,"valueName":"search_term_string"}}],"inLanguage":"en-GB"},{"@type":["Person","Organization"],"@id":"https:\/\/www.agaren.it\/#\/schema\/person\/1ff62f05ec8d61015ae3655a97f00667","name":"enrico@sinetweb.net","logo":{"@id":"https:\/\/www.agaren.it\/#\/schema\/person\/image\/"}}]}},"_links":{"self":[{"href":"https:\/\/www.agaren.it\/en\/wp-json\/wp\/v2\/pages\/454","targetHints":{"allow":["GET"]}}],"collection":[{"href":"https:\/\/www.agaren.it\/en\/wp-json\/wp\/v2\/pages"}],"about":[{"href":"https:\/\/www.agaren.it\/en\/wp-json\/wp\/v2\/types\/page"}],"author":[{"embeddable":true,"href":"https:\/\/www.agaren.it\/en\/wp-json\/wp\/v2\/users\/7"}],"replies":[{"embeddable":true,"href":"https:\/\/www.agaren.it\/en\/wp-json\/wp\/v2\/comments?post=454"}],"version-history":[{"count":11,"href":"https:\/\/www.agaren.it\/en\/wp-json\/wp\/v2\/pages\/454\/revisions"}],"predecessor-version":[{"id":965,"href":"https:\/\/www.agaren.it\/en\/wp-json\/wp\/v2\/pages\/454\/revisions\/965"}],"wp:attachment":[{"href":"https:\/\/www.agaren.it\/en\/wp-json\/wp\/v2\/media?parent=454"}],"curies":[{"name":"wp","href":"https:\/\/api.w.org\/{rel}","templated":true}]}}