{"id":456,"date":"2022-05-17T15:10:01","date_gmt":"2022-05-17T15:10:01","guid":{"rendered":"https:\/\/agaren.it\/?page_id=456"},"modified":"2022-08-22T08:17:53","modified_gmt":"2022-08-22T08:17:53","slug":"teste-di-moro","status":"publish","type":"page","link":"https:\/\/www.agaren.it\/en\/teste-di-moro\/","title":{"rendered":"Moor's heads"},"content":{"rendered":"<p>[et_pb_section fb_built=&#8221;1&#8243; _builder_version=&#8221;4.16&#8243; custom_padding=&#8221;0px|||||&#8221; global_colors_info=&#8221;{}&#8221;][et_pb_row _builder_version=&#8221;4.17.3&#8243; _module_preset=&#8221;default&#8221; width=&#8221;100%&#8221; max_width=&#8221;2560px&#8221; module_alignment=&#8221;center&#8221; custom_padding=&#8221;60px||1px|||&#8221; global_colors_info=&#8221;{}&#8221;][et_pb_column type=&#8221;4_4&#8243; _builder_version=&#8221;4.17.3&#8243; _module_preset=&#8221;default&#8221; global_colors_info=&#8221;{}&#8221;][et_pb_text _builder_version=&#8221;4.17.3&#8243; _module_preset=&#8221;default&#8221; text_font=&#8221;Big Clacson|100|||||||&#8221; text_font_size=&#8221;36px&#8221; text_line_height=&#8221;1.1em&#8221; text_orientation=&#8221;center&#8221; custom_margin=&#8221;||11px|||&#8221; custom_padding=&#8221;||||false|false&#8221; global_colors_info=&#8221;{}&#8221;]Teste di Moro: una storia d\u2019amore e gelosia[\/et_pb_text][et_pb_divider divider_weight=&#8221;2px&#8221; _builder_version=&#8221;4.17.3&#8243; _module_preset=&#8221;default&#8221; global_colors_info=&#8221;{}&#8221;][\/et_pb_divider][\/et_pb_column][\/et_pb_row][et_pb_row column_structure=&#8221;2_5,3_5&#8243; _builder_version=&#8221;4.17.3&#8243; _module_preset=&#8221;default&#8221; custom_margin=&#8221;50px|auto||auto||&#8221; custom_padding=&#8221;||6px|||&#8221; global_colors_info=&#8221;{}&#8221;][et_pb_column type=&#8221;2_5&#8243; _builder_version=&#8221;4.17.3&#8243; _module_preset=&#8221;default&#8221; global_colors_info=&#8221;{}&#8221;][et_pb_image src=&#8221;https:\/\/agaren.it\/wp-content\/uploads\/2022\/05\/teste-di-moro-design-arredamento-e-storia.jpg&#8221; alt=&#8221;Teste di moro come design&#8221; title_text=&#8221;teste-di-moro-design-arredamento-e-storia&#8221; _builder_version=&#8221;4.17.3&#8243; _module_preset=&#8221;default&#8221; global_colors_info=&#8221;{}&#8221;][\/et_pb_image][\/et_pb_column][et_pb_column type=&#8221;3_5&#8243; _builder_version=&#8221;4.17.3&#8243; _module_preset=&#8221;default&#8221; global_colors_info=&#8221;{}&#8221;][et_pb_text _builder_version=&#8221;4.17.6&#8243; _module_preset=&#8221;default&#8221; text_font=&#8221;Cera Pro Light||||||||&#8221; text_font_size=&#8221;18px&#8221; custom_margin=&#8221;||3px|||&#8221; hover_enabled=&#8221;0&#8243; global_colors_info=&#8221;{}&#8221; sticky_enabled=&#8221;0&#8243;]<\/p>\n<p>Le <a href=\"\/il-colore-che-diventa-materia-la-materia-che-diventa-emozione\/\"><span style=\"text-decoration: underline;\"><strong>Teste di Moro<\/strong><\/span><\/a> sono ormai uno dei simboli pi\u00f9 noti della sicilianit\u00e0, oltre ad essere diventati un <a href=\"\/ceramica-caltagirone-largilla-e-design\/\"><span style=\"text-decoration: underline;\">oggetto di design<\/span> <\/a>dal grande pregio artistico frutto della tradizione artigianale <strong>di Caltagirone<\/strong>.<\/p>\n<p>In Sicilia, anticamente si era soliti imbattersi in questi meravigliosi <a href=\"\/vaso-testa\/\"><strong><span style=\"text-decoration: underline;\">vasi di ceramica<\/span><\/strong><\/a> dalle sembianze antropomorfe, semplicemente passeggiando per le vie del centro storico.<br \/>La loro tradizione, infatti, \u00e8 molto antica e risale ad una <a href=\"\/testa-di-moro-storia-la-leggenda\/\">leggenda<\/a> del 1100 che ha per protagonisti un affascinate <strong>Moro<\/strong> e una giovane fanciulla siciliana.<\/p>\n<p>La leggenda narra che durante la dominazione dei <strong><span style=\"text-decoration: underline;\"><a href=\"\/teste-di-moro-sicilia\/\">mori in Sicilia<\/a><\/span><\/strong>, nel quartiere arabo di Palermo \u201calh\u00e0lisah\u201d che significa \u201cl\u2019eletta\u201d, una fanciulla fu notata da un giovane moro che, sopraffatto da una violenta passione per essa, non esit\u00f2 a dichiararle il suo amore. Vinta dalla promessa d\u2019amore, lei lo accolse ricambiando il sentimento.<\/p>\n<p>In realt\u00e0 il giovane nascondeva di avere moglie e figli in oriente e cos\u00ec, quando lei lo scopr\u00ec, decise che quel giovane tanto amato, sarebbe dovuto rimanere al suo fianco per sempre.<\/p>\n<p>Senza esitazione tagli\u00f2 la testa del moro creando con essa un oggetto simile ad un <a href=\"\/vaso-testa-di-moro\/\"><span style=\"text-decoration: underline;\"><strong>vaso<\/strong><\/span><\/a> e vi pose all\u2019interno un germoglio di basilico.<\/p>\n<p>In questo modo nonostante il terribile atto compiuto, ella perseguiva il dissennato amorevole fine di continuare a prendersi cura del suo amato giovane. Ogni giorno le lacrime della giovane innaffiavano la pianta che divenne rigogliosa.<\/p>\n<p>Cos\u00ec tutti i vicini, pervasi dal profumo e dalla bellezza della pianta, si fecero realizzare <span style=\"text-decoration: underline;\">vasi in terracotta<\/span> con la forma di<a href=\"\/teste-di-moro-sicilia-ceramica-online\/\"><span style=\"text-decoration: underline;\"> teste di moro<\/span><\/a>.<\/p>\n<p>Le nostre Collezioni sono ispirate ai nomi delle divinit\u00e0 dell\u2019amore venerate nelle diverse culture: <a href=\"https:\/\/store.agaren.it\"><strong>ISIDE<\/strong><\/a>, <a href=\"https:\/\/store.agaren.it\"><strong>EOSTRE<\/strong><\/a>, <a href=\"https:\/\/store.agaren.it\"><strong>AINE<\/strong><\/a>, <a href=\"https:\/\/store.agaren.it\"><strong>AFRODITE<\/strong><\/a>, <a href=\"https:\/\/store.agaren.it\"><strong>ASTARTE<\/strong><\/a>. Ogni collezione rappresenta un modo originale ed inedito di incidere la materia prima attraverso un\u2019esplorazione tanto della forma quanto nel colore.<\/p>\n<p>[\/et_pb_text][\/et_pb_column][\/et_pb_row][et_pb_row column_structure=&#8221;2_5,3_5&#8243; _builder_version=&#8221;4.17.3&#8243; _module_preset=&#8221;default&#8221; custom_margin=&#8221;4px|auto||auto||&#8221; global_colors_info=&#8221;{}&#8221;][et_pb_column type=&#8221;2_5&#8243; _builder_version=&#8221;4.17.3&#8243; _module_preset=&#8221;default&#8221; global_colors_info=&#8221;{}&#8221;][et_pb_image src=&#8221;https:\/\/agaren.it\/wp-content\/uploads\/2022\/05\/coppia-teste-di-moro-con-decoro-tipico-di-caltagirone.jpg&#8221; alt=&#8221;Teste di Moro uomo e donna, con decoro tipico della citt\u00e0 di Caltagirone&#8221; title_text=&#8221;coppia-teste-di-moro-con-decoro-tipico-di-caltagirone&#8221; _builder_version=&#8221;4.17.3&#8243; _module_preset=&#8221;default&#8221; global_colors_info=&#8221;{}&#8221;][\/et_pb_image][\/et_pb_column][et_pb_column type=&#8221;3_5&#8243; _builder_version=&#8221;4.17.3&#8243; _module_preset=&#8221;default&#8221; global_colors_info=&#8221;{}&#8221;][et_pb_text _builder_version=&#8221;4.17.6&#8243; _module_preset=&#8221;default&#8221; text_font=&#8221;Cera Pro Light||||||||&#8221; text_font_size=&#8221;18px&#8221; custom_margin=&#8221;||37px|||&#8221; hover_enabled=&#8221;0&#8243; global_colors_info=&#8221;{}&#8221; sticky_enabled=&#8221;0&#8243;]<\/p>\n<h2>Teste di Moro con Decori<\/h2>\n<p>Le<strong> teste di moro<\/strong> Agar\u00e8n si arricchiscono dei decori tipici della tradizione ceramica. I motivi prevalenti sono quelli ispirati al mondo vegetale, ai carretti siciliani, motivi geometrici e lineari per giungere infine all\u2019ornato, tipico decoro <strong>di Caltagirone<\/strong> che predilige l\u2019utilizzo dei colori giallo, blu cobalto e verde ramino. Tecniche e colori caratteristici la cui eco perdura fino ai nostri giorni.<\/p>\n<p>[\/et_pb_text][\/et_pb_column][\/et_pb_row][et_pb_row column_structure=&#8221;2_5,3_5&#8243; _builder_version=&#8221;4.17.3&#8243; _module_preset=&#8221;default&#8221; custom_margin=&#8221;4px|auto||auto||&#8221; global_colors_info=&#8221;{}&#8221;][et_pb_column type=&#8221;2_5&#8243; _builder_version=&#8221;4.17.3&#8243; _module_preset=&#8221;default&#8221; global_colors_info=&#8221;{}&#8221;][et_pb_image src=&#8221;https:\/\/agaren.it\/wp-content\/uploads\/2022\/05\/testa-di-moro-monocromatica.jpg&#8221; alt=&#8221;Testa di moro monocromatica nera come oggetto di design&#8221; title_text=&#8221;testa-di-moro-monocromatica&#8221; _builder_version=&#8221;4.17.3&#8243; _module_preset=&#8221;default&#8221; global_colors_info=&#8221;{}&#8221;][\/et_pb_image][\/et_pb_column][et_pb_column type=&#8221;3_5&#8243; _builder_version=&#8221;4.17.3&#8243; _module_preset=&#8221;default&#8221; global_colors_info=&#8221;{}&#8221;][et_pb_text _builder_version=&#8221;4.17.6&#8243; _module_preset=&#8221;default&#8221; text_font=&#8221;Cera Pro Light||||||||&#8221; text_font_size=&#8221;18px&#8221; custom_margin=&#8221;||37px|||&#8221; hover_enabled=&#8221;0&#8243; global_colors_info=&#8221;{}&#8221; sticky_enabled=&#8221;0&#8243;]<\/p>\n<p><strong>Teste di Moro Monocromatiche<\/strong><br \/>\u00e8 l\u2019espressione di un\u2019arte che al netto di segni cromatici esprime nella forma tutta la sua bellezza. Il bianco e il nero, lucido o opaco, rendono protagonisti <strong>i Mori<\/strong>. I non colori diventano colori da accostare in un ambiente tanto tradizionale quanto di design, mentre la vivacit\u00e0 dei colori pi\u00f9 moderni come il bordeaux, il giallo, il turchese, il verde foglia ect donano alle<a href=\"\/colore-testa-di-moro\/\"><span style=\"text-decoration: underline;\"><strong> teste di Moro <\/strong><\/span><\/a>colore-testa-di-moro\/ una spiccata personalit\u00e0, quella che Agar\u00e8n insegue in ogni sua creazione.<\/p>\n<p>[\/et_pb_text][\/et_pb_column][\/et_pb_row][et_pb_row column_structure=&#8221;2_5,3_5&#8243; _builder_version=&#8221;4.17.3&#8243; _module_preset=&#8221;default&#8221; custom_margin=&#8221;4px|auto||auto||&#8221; global_colors_info=&#8221;{}&#8221;][et_pb_column type=&#8221;2_5&#8243; _builder_version=&#8221;4.17.3&#8243; _module_preset=&#8221;default&#8221; global_colors_info=&#8221;{}&#8221;][et_pb_image src=&#8221;https:\/\/agaren.it\/wp-content\/uploads\/2022\/05\/Testa-di-moro-con-metalli-preziosi.jpg&#8221; alt=&#8221;Testa di Moro decorata con metalli preziosi&#8221; title_text=&#8221;Testa-di-moro-con-metalli-preziosi&#8221; _builder_version=&#8221;4.17.3&#8243; _module_preset=&#8221;default&#8221; global_colors_info=&#8221;{}&#8221;][\/et_pb_image][\/et_pb_column][et_pb_column type=&#8221;3_5&#8243; _builder_version=&#8221;4.17.3&#8243; _module_preset=&#8221;default&#8221; global_colors_info=&#8221;{}&#8221;][et_pb_text _builder_version=&#8221;4.17.6&#8243; _module_preset=&#8221;default&#8221; text_font=&#8221;Cera Pro Light||||||||&#8221; text_font_size=&#8221;18px&#8221; custom_margin=&#8221;||37px|||&#8221; hover_enabled=&#8221;0&#8243; global_colors_info=&#8221;{}&#8221; sticky_enabled=&#8221;0&#8243;]<\/p>\n<p><strong>Teste di Moro con metalli preziosi<\/strong><br \/>Veri tesori d\u2019artigianato siciliano. La sapiente applicazione dei metalli preziosi, quali oro e platino completa le diverse fasi di produzione, trasformando cos\u00ec le <strong>Teste di Moro<\/strong> Agar\u00e8n in preziosi e raffinati oggetti di design.<\/p>\n<p>[\/et_pb_text][\/et_pb_column][\/et_pb_row][\/et_pb_section]<\/p>\n","protected":false},"excerpt":{"rendered":"<p>Teste di Moro: una storia d\u2019amore e gelosiaLe Teste di Moro sono ormai uno dei simboli pi\u00f9 noti della sicilianit\u00e0, oltre ad essere diventati un oggetto di design dal grande pregio artistico frutto della tradizione artigianale di Caltagirone. In Sicilia, anticamente si era soliti imbattersi in questi meravigliosi vasi di ceramica dalle sembianze antropomorfe, semplicemente [&hellip;]<\/p>\n","protected":false},"author":7,"featured_media":0,"parent":0,"menu_order":0,"comment_status":"closed","ping_status":"closed","template":"","meta":{"_et_pb_use_builder":"on","_et_pb_old_content":"<!-- wp:divi\/placeholder \/-->","_et_gb_content_width":"","footnotes":""},"class_list":["post-456","page","type-page","status-publish","hentry"],"yoast_head":"<!-- This site is optimized with the Yoast SEO plugin v27.5 - https:\/\/yoast.com\/product\/yoast-seo-wordpress\/ -->\n<title>Teste di Moro - Agar\u00e8n<\/title>\n<meta name=\"description\" content=\"2022 VASO TESTA DI MORO punti vendita in tutto il territorio italiano, vi consigliamo alcune Ceramiche di Sicilia dall\u2019antica tradizione di Caltagirone Ceramiche.\" \/>\n<meta name=\"robots\" content=\"index, follow, max-snippet:-1, max-image-preview:large, max-video-preview:-1\" \/>\n<link rel=\"canonical\" href=\"https:\/\/www.agaren.it\/en\/teste-di-moro\/\" \/>\n<meta property=\"og:locale\" content=\"en_GB\" \/>\n<meta property=\"og:type\" content=\"article\" \/>\n<meta property=\"og:title\" content=\"Teste di Moro - Agar\u00e8n\" \/>\n<meta property=\"og:description\" content=\"2022 VASO TESTA DI MORO punti vendita in tutto il territorio italiano, vi consigliamo alcune Ceramiche di Sicilia dall\u2019antica tradizione di Caltagirone Ceramiche.\" \/>\n<meta property=\"og:url\" content=\"https:\/\/www.agaren.it\/en\/teste-di-moro\/\" \/>\n<meta property=\"og:site_name\" content=\"Agar\u00e8n\" \/>\n<meta property=\"article:modified_time\" content=\"2022-08-22T08:17:53+00:00\" \/>\n<meta name=\"twitter:card\" content=\"summary_large_image\" \/>\n<meta name=\"twitter:label1\" content=\"Estimated reading time\" \/>\n\t<meta name=\"twitter:data1\" content=\"4 minutes\" \/>\n<script type=\"application\/ld+json\" class=\"yoast-schema-graph\">{\"@context\":\"https:\\\/\\\/schema.org\",\"@graph\":[{\"@type\":\"WebPage\",\"@id\":\"https:\\\/\\\/www.agaren.it\\\/teste-di-moro\\\/\",\"url\":\"https:\\\/\\\/www.agaren.it\\\/teste-di-moro\\\/\",\"name\":\"Teste di Moro - Agar\u00e8n\",\"isPartOf\":{\"@id\":\"https:\\\/\\\/www.agaren.it\\\/#website\"},\"datePublished\":\"2022-05-17T15:10:01+00:00\",\"dateModified\":\"2022-08-22T08:17:53+00:00\",\"description\":\"2022 VASO TESTA DI MORO punti vendita in tutto il territorio italiano, vi consigliamo alcune Ceramiche di Sicilia dall\u2019antica tradizione di Caltagirone Ceramiche.\",\"breadcrumb\":{\"@id\":\"https:\\\/\\\/www.agaren.it\\\/teste-di-moro\\\/#breadcrumb\"},\"inLanguage\":\"en-GB\",\"potentialAction\":[{\"@type\":\"ReadAction\",\"target\":[\"https:\\\/\\\/www.agaren.it\\\/teste-di-moro\\\/\"]}]},{\"@type\":\"BreadcrumbList\",\"@id\":\"https:\\\/\\\/www.agaren.it\\\/teste-di-moro\\\/#breadcrumb\",\"itemListElement\":[{\"@type\":\"ListItem\",\"position\":1,\"name\":\"Home\",\"item\":\"https:\\\/\\\/www.agaren.it\\\/\"},{\"@type\":\"ListItem\",\"position\":2,\"name\":\"Teste di Moro\"}]},{\"@type\":\"WebSite\",\"@id\":\"https:\\\/\\\/www.agaren.it\\\/#website\",\"url\":\"https:\\\/\\\/www.agaren.it\\\/\",\"name\":\"Agar\u00e8n\",\"description\":\"Teste di Moro : Ceramiche di Caltagirone : Ceramiche Siciliane\",\"publisher\":{\"@id\":\"https:\\\/\\\/www.agaren.it\\\/#\\\/schema\\\/person\\\/1ff62f05ec8d61015ae3655a97f00667\"},\"potentialAction\":[{\"@type\":\"SearchAction\",\"target\":{\"@type\":\"EntryPoint\",\"urlTemplate\":\"https:\\\/\\\/www.agaren.it\\\/?s={search_term_string}\"},\"query-input\":{\"@type\":\"PropertyValueSpecification\",\"valueRequired\":true,\"valueName\":\"search_term_string\"}}],\"inLanguage\":\"en-GB\"},{\"@type\":[\"Person\",\"Organization\"],\"@id\":\"https:\\\/\\\/www.agaren.it\\\/#\\\/schema\\\/person\\\/1ff62f05ec8d61015ae3655a97f00667\",\"name\":\"enrico@sinetweb.net\",\"logo\":{\"@id\":\"https:\\\/\\\/www.agaren.it\\\/#\\\/schema\\\/person\\\/image\\\/\"}}]}<\/script>\n<!-- \/ Yoast SEO plugin. -->","yoast_head_json":{"title":"Teste di Moro - Agar\u00e8n","description":"2022 VASO TESTA DI MORO punti vendita in tutto il territorio italiano, vi consigliamo alcune Ceramiche di Sicilia dall\u2019antica tradizione di Caltagirone Ceramiche.","robots":{"index":"index","follow":"follow","max-snippet":"max-snippet:-1","max-image-preview":"max-image-preview:large","max-video-preview":"max-video-preview:-1"},"canonical":"https:\/\/www.agaren.it\/en\/teste-di-moro\/","og_locale":"en_GB","og_type":"article","og_title":"Teste di Moro - Agar\u00e8n","og_description":"2022 VASO TESTA DI MORO punti vendita in tutto il territorio italiano, vi consigliamo alcune Ceramiche di Sicilia dall\u2019antica tradizione di Caltagirone Ceramiche.","og_url":"https:\/\/www.agaren.it\/en\/teste-di-moro\/","og_site_name":"Agar\u00e8n","article_modified_time":"2022-08-22T08:17:53+00:00","twitter_card":"summary_large_image","twitter_misc":{"Estimated reading time":"4 minutes"},"schema":{"@context":"https:\/\/schema.org","@graph":[{"@type":"WebPage","@id":"https:\/\/www.agaren.it\/teste-di-moro\/","url":"https:\/\/www.agaren.it\/teste-di-moro\/","name":"Teste di Moro - Agar\u00e8n","isPartOf":{"@id":"https:\/\/www.agaren.it\/#website"},"datePublished":"2022-05-17T15:10:01+00:00","dateModified":"2022-08-22T08:17:53+00:00","description":"2022 VASO TESTA DI MORO punti vendita in tutto il territorio italiano, vi consigliamo alcune Ceramiche di Sicilia dall\u2019antica tradizione di Caltagirone Ceramiche.","breadcrumb":{"@id":"https:\/\/www.agaren.it\/teste-di-moro\/#breadcrumb"},"inLanguage":"en-GB","potentialAction":[{"@type":"ReadAction","target":["https:\/\/www.agaren.it\/teste-di-moro\/"]}]},{"@type":"BreadcrumbList","@id":"https:\/\/www.agaren.it\/teste-di-moro\/#breadcrumb","itemListElement":[{"@type":"ListItem","position":1,"name":"Home","item":"https:\/\/www.agaren.it\/"},{"@type":"ListItem","position":2,"name":"Teste di Moro"}]},{"@type":"WebSite","@id":"https:\/\/www.agaren.it\/#website","url":"https:\/\/www.agaren.it\/","name":"Agar\u00e8n","description":"Teste di Moro : Ceramiche di Caltagirone : Ceramiche Siciliane","publisher":{"@id":"https:\/\/www.agaren.it\/#\/schema\/person\/1ff62f05ec8d61015ae3655a97f00667"},"potentialAction":[{"@type":"SearchAction","target":{"@type":"EntryPoint","urlTemplate":"https:\/\/www.agaren.it\/?s={search_term_string}"},"query-input":{"@type":"PropertyValueSpecification","valueRequired":true,"valueName":"search_term_string"}}],"inLanguage":"en-GB"},{"@type":["Person","Organization"],"@id":"https:\/\/www.agaren.it\/#\/schema\/person\/1ff62f05ec8d61015ae3655a97f00667","name":"enrico@sinetweb.net","logo":{"@id":"https:\/\/www.agaren.it\/#\/schema\/person\/image\/"}}]}},"_links":{"self":[{"href":"https:\/\/www.agaren.it\/en\/wp-json\/wp\/v2\/pages\/456","targetHints":{"allow":["GET"]}}],"collection":[{"href":"https:\/\/www.agaren.it\/en\/wp-json\/wp\/v2\/pages"}],"about":[{"href":"https:\/\/www.agaren.it\/en\/wp-json\/wp\/v2\/types\/page"}],"author":[{"embeddable":true,"href":"https:\/\/www.agaren.it\/en\/wp-json\/wp\/v2\/users\/7"}],"replies":[{"embeddable":true,"href":"https:\/\/www.agaren.it\/en\/wp-json\/wp\/v2\/comments?post=456"}],"version-history":[{"count":8,"href":"https:\/\/www.agaren.it\/en\/wp-json\/wp\/v2\/pages\/456\/revisions"}],"predecessor-version":[{"id":969,"href":"https:\/\/www.agaren.it\/en\/wp-json\/wp\/v2\/pages\/456\/revisions\/969"}],"wp:attachment":[{"href":"https:\/\/www.agaren.it\/en\/wp-json\/wp\/v2\/media?parent=456"}],"curies":[{"name":"wp","href":"https:\/\/api.w.org\/{rel}","templated":true}]}}